{"id":25061,"date":"2015-10-26T12:41:33","date_gmt":"2015-10-26T10:41:33","guid":{"rendered":"http:\/\/c-glen.com\/?page_id=25061"},"modified":"2020-03-23T17:45:08","modified_gmt":"2020-03-23T16:45:08","slug":"accueilfr","status":"publish","type":"page","link":"https:\/\/www.christineglen.com\/sitefr\/fr\/accueilfr\/","title":{"rendered":"Accueil"},"content":{"rendered":"<div id=\"pl-25061\"  class=\"panel-layout\" ><div id=\"pg-25061-0\"  class=\"panel-grid panel-has-style\" ><div class=\"panel-row-style panel-row-style-for-25061-0\" ><div id=\"pgc-25061-0-0\"  class=\"panel-grid-cell\" ><div id=\"panel-25061-0-0-0\" class=\"so-panel widget widget_sow-editor panel-first-child panel-last-child\" data-index=\"0\" ><div\n\t\t\t\n\t\t\tclass=\"so-widget-sow-editor so-widget-sow-editor-base\"\n\t\t\t\n\t\t>\n<div class=\"siteorigin-widget-tinymce textwidget\">\n\t<h1>\u00a0<\/h1>\n<h1>\u00a0<\/h1>\n<h1 style=\"text-align: center;\">Bienvenue sur le site <br \/>de Christine Glen<\/h1>\n<\/div>\n<\/div><\/div><\/div><div id=\"pgc-25061-0-1\"  class=\"panel-grid-cell\" ><div id=\"panel-25061-0-1-0\" class=\"so-panel widget widget_sow-image panel-first-child panel-last-child\" data-index=\"1\" ><div\n\t\t\t\n\t\t\tclass=\"so-widget-sow-image so-widget-sow-image-default-8b5b6f678277-25061\"\n\t\t\t\n\t\t>\n<div class=\"sow-image-container\">\n\t\t<img \n\tsrc=\"https:\/\/i0.wp.com\/www.christineglen.com\/sitefr\/wp-content\/uploads\/2015\/10\/Impromptu-2-600x600.png?fit=600%2C600&amp;ssl=1\" width=\"600\" height=\"600\" srcset=\"https:\/\/i0.wp.com\/www.christineglen.com\/sitefr\/wp-content\/uploads\/2015\/10\/Impromptu-2-600x600.png?resize=600%2C600&amp;ssl=1 600w, https:\/\/i0.wp.com\/www.christineglen.com\/sitefr\/wp-content\/uploads\/2015\/10\/Impromptu-2-600x600.png?resize=150%2C150&amp;ssl=1 150w, https:\/\/i0.wp.com\/www.christineglen.com\/sitefr\/wp-content\/uploads\/2015\/10\/Impromptu-2-600x600.png?resize=450%2C450&amp;ssl=1 450w, https:\/\/i0.wp.com\/www.christineglen.com\/sitefr\/wp-content\/uploads\/2015\/10\/Impromptu-2-600x600.png?resize=560%2C560&amp;ssl=1 560w, https:\/\/i0.wp.com\/www.christineglen.com\/sitefr\/wp-content\/uploads\/2015\/10\/Impromptu-2-600x600.png?resize=367%2C367&amp;ssl=1 367w, https:\/\/i0.wp.com\/www.christineglen.com\/sitefr\/wp-content\/uploads\/2015\/10\/Impromptu-2-600x600.png?resize=85%2C85&amp;ssl=1 85w, https:\/\/i0.wp.com\/www.christineglen.com\/sitefr\/wp-content\/uploads\/2015\/10\/Impromptu-2-600x600.png?resize=50%2C50&amp;ssl=1 50w\" title=\"Impromptu 2 600&#215;600\" alt=\"\" \t\tclass=\"so-widget-image\"\/>\n\t<\/div>\n\n<\/div><\/div><\/div><\/div><\/div><\/div>","protected":false},"excerpt":{"rendered":"<p>\u00a0 \u00a0 Bienvenue sur le site de Christine Glen<\/p>\n","protected":false},"author":5,"featured_media":0,"parent":0,"menu_order":0,"comment_status":"open","ping_status":"open","template":"","meta":{"_acf_changed":false,"jetpack_post_was_ever_published":false,"footnotes":""},"class_list":["post-25061","page","type-page","status-publish","hentry"],"acf":[],"jetpack_sharing_enabled":true,"jetpack_shortlink":"https:\/\/wp.me\/P8pnLs-6wd","jetpack-related-posts":[{"id":2519,"url":"https:\/\/www.christineglen.com\/sitefr\/fr\/qui\/","url_meta":{"origin":25061,"position":0},"title":"QUI","author":"AdministrationCG","date":"25 juin 2015","format":false,"excerpt":"Portrait r\u00e9alis\u00e9 par Codronanti Christine Glen Christine Glen est une artiste peintre professionnelle fran\u00e7aise qui vit et travaille entre Paris et la Champagne, dans une vall\u00e9e appel\u00e9e Vall\u00e9e des Peintres o\u00f9 de nombreux artistes de renom ont s\u00e9journ\u00e9 et travaill\u00e9. Christine Glen appr\u00e9cie particuli\u00e8rement la peinture sur le motif. Son\u2026","rel":"","context":"Article similaire","block_context":{"text":"Article similaire","link":""},"img":{"alt_text":"","src":"https:\/\/i0.wp.com\/c-glen.com\/sitefr\/wp-content\/uploads\/2015\/06\/Portrait-par-Codronanti-253x450.jpg?resize=350%2C200","width":350,"height":200},"classes":[]}],"_links":{"self":[{"href":"https:\/\/www.christineglen.com\/sitefr\/wp-json\/wp\/v2\/pages\/25061","targetHints":{"allow":["GET"]}}],"collection":[{"href":"https:\/\/www.christineglen.com\/sitefr\/wp-json\/wp\/v2\/pages"}],"about":[{"href":"https:\/\/www.christineglen.com\/sitefr\/wp-json\/wp\/v2\/types\/page"}],"author":[{"embeddable":true,"href":"https:\/\/www.christineglen.com\/sitefr\/wp-json\/wp\/v2\/users\/5"}],"replies":[{"embeddable":true,"href":"https:\/\/www.christineglen.com\/sitefr\/wp-json\/wp\/v2\/comments?post=25061"}],"version-history":[{"count":43,"href":"https:\/\/www.christineglen.com\/sitefr\/wp-json\/wp\/v2\/pages\/25061\/revisions"}],"predecessor-version":[{"id":25814,"href":"https:\/\/www.christineglen.com\/sitefr\/wp-json\/wp\/v2\/pages\/25061\/revisions\/25814"}],"wp:attachment":[{"href":"https:\/\/www.christineglen.com\/sitefr\/wp-json\/wp\/v2\/media?parent=25061"}],"curies":[{"name":"wp","href":"https:\/\/api.w.org\/{rel}","templated":true}]}}