{"id":2519,"date":"2015-06-25T11:16:45","date_gmt":"2015-04-21T09:31:13","guid":{"rendered":"http:\/\/c-glen.com\/?page_id=2519"},"modified":"2025-12-22T17:08:44","modified_gmt":"2025-12-22T16:08:44","slug":"qui","status":"publish","type":"page","link":"https:\/\/www.christineglen.com\/sitefr\/fr\/qui\/","title":{"rendered":"QUI"},"content":{"rendered":"<div id=\"pl-2519\"  class=\"panel-layout\" ><div id=\"pg-2519-0\"  class=\"panel-grid panel-has-style\" ><div class=\"panel-row-style panel-row-style-for-2519-0\" ><div id=\"pgc-2519-0-0\"  class=\"panel-grid-cell\" ><div id=\"panel-2519-0-0-0\" class=\"so-panel widget widget_sow-editor panel-first-child panel-last-child\" data-index=\"0\" ><div\n\t\t\t\n\t\t\tclass=\"so-widget-sow-editor so-widget-sow-editor-base\"\n\t\t\t\n\t\t>\n<div class=\"siteorigin-widget-tinymce textwidget\">\n\t<p><img data-attachment-id=\"25049\" data-permalink=\"https:\/\/www.christineglen.com\/sitefr\/fr\/qui\/portrait-par-codronanti\/\" data-orig-file=\"https:\/\/i0.wp.com\/www.christineglen.com\/sitefr\/wp-content\/uploads\/2015\/06\/Portrait-par-Codronanti.jpg?fit=1061%2C1886&amp;ssl=1\" data-orig-size=\"1061,1886\" data-comments-opened=\"1\" data-image-meta=\"{&quot;aperture&quot;:&quot;0&quot;,&quot;credit&quot;:&quot;&quot;,&quot;camera&quot;:&quot;&quot;,&quot;caption&quot;:&quot;&quot;,&quot;created_timestamp&quot;:&quot;0&quot;,&quot;copyright&quot;:&quot;&quot;,&quot;focal_length&quot;:&quot;0&quot;,&quot;iso&quot;:&quot;0&quot;,&quot;shutter_speed&quot;:&quot;0&quot;,&quot;title&quot;:&quot;&quot;,&quot;orientation&quot;:&quot;0&quot;}\" data-image-title=\"Portrait par Codronanti\" data-image-description=\"\" data-image-caption=\"\" data-medium-file=\"https:\/\/i0.wp.com\/www.christineglen.com\/sitefr\/wp-content\/uploads\/2015\/06\/Portrait-par-Codronanti.jpg?fit=253%2C450&amp;ssl=1\" data-large-file=\"https:\/\/i0.wp.com\/www.christineglen.com\/sitefr\/wp-content\/uploads\/2015\/06\/Portrait-par-Codronanti.jpg?fit=338%2C600&amp;ssl=1\" data-recalc-dims=\"1\" loading=\"lazy\" decoding=\"async\" class=\"alignnone size-medium wp-image-25049\" src=\"https:\/\/i0.wp.com\/c-glen.com\/sitefr\/wp-content\/uploads\/2015\/06\/Portrait-par-Codronanti-253x450.jpg?resize=253%2C450\" alt=\"\" width=\"253\" height=\"450\" srcset=\"https:\/\/i0.wp.com\/www.christineglen.com\/sitefr\/wp-content\/uploads\/2015\/06\/Portrait-par-Codronanti.jpg?resize=253%2C450&amp;ssl=1 253w, https:\/\/i0.wp.com\/www.christineglen.com\/sitefr\/wp-content\/uploads\/2015\/06\/Portrait-par-Codronanti.jpg?resize=768%2C1365&amp;ssl=1 768w, https:\/\/i0.wp.com\/www.christineglen.com\/sitefr\/wp-content\/uploads\/2015\/06\/Portrait-par-Codronanti.jpg?resize=338%2C600&amp;ssl=1 338w, https:\/\/i0.wp.com\/www.christineglen.com\/sitefr\/wp-content\/uploads\/2015\/06\/Portrait-par-Codronanti.jpg?resize=600%2C1067&amp;ssl=1 600w, https:\/\/i0.wp.com\/www.christineglen.com\/sitefr\/wp-content\/uploads\/2015\/06\/Portrait-par-Codronanti.jpg?resize=84%2C150&amp;ssl=1 84w, https:\/\/i0.wp.com\/www.christineglen.com\/sitefr\/wp-content\/uploads\/2015\/06\/Portrait-par-Codronanti.jpg?w=1061&amp;ssl=1 1061w\" sizes=\"auto, (max-width: 253px) 100vw, 253px\" \/><\/p>\n<p><em>Portrait r\u00e9alis\u00e9 par Codronanti<\/em><\/p>\n<\/div>\n<\/div><\/div><\/div><div id=\"pgc-2519-0-1\"  class=\"panel-grid-cell panel-grid-cell-mobile-last\" ><div id=\"panel-2519-0-1-0\" class=\"so-panel widget widget_sow-editor panel-first-child panel-last-child\" data-index=\"1\" ><div\n\t\t\t\n\t\t\tclass=\"so-widget-sow-editor so-widget-sow-editor-base\"\n\t\t\t\n\t\t>\n<div class=\"siteorigin-widget-tinymce textwidget\">\n\t<h2 style=\"text-align: left;\">Christine Glen<\/h2>\n<p style=\"text-align: left;\">Christine Glen est une artiste peintre professionnelle fran\u00e7aise qui vit et travaille entre Paris et la Champagne, dans une vall\u00e9e appel\u00e9e Vall\u00e9e des Peintres o\u00f9 de nombreux artistes de renom ont s\u00e9journ\u00e9 et travaill\u00e9.<\/p>\n<p style=\"text-align: left;\">Christine Glen appr\u00e9cie particuli\u00e8rement la peinture sur le motif. Son travail, qui oscille en permanence entre <strong>abstrait et figuratif<\/strong> rel\u00e8ve d\u2019un <strong>expressionnisme<\/strong> certain, et de <strong>fauvisme<\/strong> et r\u00e9v\u00e8le une signature tr\u00e8s singuli\u00e8re.<\/p>\n<p style=\"text-align: left;\">Particuli\u00e8rement \u00e0 l\u2019aise avec l\u2019aquarelle, dont elle estime qu\u2019il s\u2019agit de la plus difficile des techniques, elle a pendant longtemps aussi peint \u00e0 l\u2019huile. Ces deux expertises lui servent aujourd\u2019hui en acrylique o\u00f9 elle joue tant avec les mati\u00e8res qu\u2019avec la fluidit\u00e9 de l\u2019eau, la transparence et l\u2019opacit\u00e9, produisant ainsi des effets surprenants.<\/p>\n<blockquote>\n<p><em>Dans sa r\u00e9cente s\u00e9rie de tableaux sur Versailles, Christine Glen traite de mani\u00e8re tr\u00e8s contemporaine l\u2019un des sujets les plus classiques du patrimoine fran\u00e7ais. Le r\u00e9sultat est riche de couleurs, de superbes perspectives et par la libert\u00e9 du geste, laisse la part grande au r\u00eave.<\/em><\/p>\n<\/blockquote>\n<p style=\"text-align: left;\">Effectivement, la r\u00e9alit\u00e9 est toujours le point de d\u00e9part de ses cr\u00e9ations. Mais il s\u2019agit pour cette artiste \u00e0 fleur de peau, d\u2019une r\u00e9alit\u00e9 sensorielle, une lumi\u00e8re, le timbre d\u2019une voix, un parfum, ou encore une m\u00e9lodie suffisent \u00e0 d\u00e9clencher sa n\u00e9cessit\u00e9 de cr\u00e9er.<\/p>\n<p style=\"text-align: left;\">Cette artiste coloriste, polyglotte (Anglais, Fran\u00e7ais, Espagnol, Allemand, Italien, Russe et d\u00e9butante en Chinois), globetrotteuse passionn\u00e9e de l'Inde, musicienne, s\u2019inspire aussi de ses voyages pour retranscrire sur la toile ses \u00e9motions, avec force et originalit\u00e9.<\/p>\n<p style=\"text-align: left;\"><strong>Christine Glen est membre de la Fondation Taylor<\/strong>. Gagnante de nombreux concours nationaux et internationaux (1er prix de la finale des concours de peinture 2011, 2010, 2009, 2006 de l\u2019Essonne, Laur\u00e9ate du concours international d\u2019art Christiane Peugeot (2007) ... Christine Glen a consacr\u00e9 les dix derni\u00e8res ann\u00e9es \u00e0 travailler sa peinture et a produit des s\u00e9ries de tableaux uniques. Face \u00e0 l\u2019engouement pour ses toiles d\u2019un fid\u00e8le public de connaisseurs, elle d\u00e9cide depuis peu, et pouss\u00e9e par eux, d\u2019exposer plus souvent \u00e0 l\u2019\u00e9tranger.<\/p>\n<\/div>\n<\/div><\/div><\/div><div id=\"pgc-2519-0-2\"  class=\"panel-grid-cell panel-grid-cell-empty\" ><\/div><\/div><\/div><\/div>","protected":false},"excerpt":{"rendered":"<p>Portrait r\u00e9alis\u00e9 par Codronanti Christine Glen Christine Glen est une artiste peintre professionnelle fran\u00e7aise qui vit et travaille entre Paris et la Champagne, dans une vall\u00e9e appel\u00e9e Vall\u00e9e des Peintres o\u00f9 de nombreux artistes de renom ont s\u00e9journ\u00e9 et travaill\u00e9. Christine Glen appr\u00e9cie particuli\u00e8rement la peinture sur le motif. Son travail, qui oscille en permanence [&hellip;]<\/p>\n","protected":false},"author":5,"featured_media":0,"parent":0,"menu_order":0,"comment_status":"closed","ping_status":"closed","template":"","meta":{"_acf_changed":false,"jetpack_post_was_ever_published":false,"footnotes":""},"class_list":["post-2519","page","type-page","status-publish","hentry"],"acf":[],"jetpack_sharing_enabled":true,"jetpack_shortlink":"https:\/\/wp.me\/P8pnLs-ED","jetpack-related-posts":[],"_links":{"self":[{"href":"https:\/\/www.christineglen.com\/sitefr\/wp-json\/wp\/v2\/pages\/2519","targetHints":{"allow":["GET"]}}],"collection":[{"href":"https:\/\/www.christineglen.com\/sitefr\/wp-json\/wp\/v2\/pages"}],"about":[{"href":"https:\/\/www.christineglen.com\/sitefr\/wp-json\/wp\/v2\/types\/page"}],"author":[{"embeddable":true,"href":"https:\/\/www.christineglen.com\/sitefr\/wp-json\/wp\/v2\/users\/5"}],"replies":[{"embeddable":true,"href":"https:\/\/www.christineglen.com\/sitefr\/wp-json\/wp\/v2\/comments?post=2519"}],"version-history":[{"count":20,"href":"https:\/\/www.christineglen.com\/sitefr\/wp-json\/wp\/v2\/pages\/2519\/revisions"}],"predecessor-version":[{"id":26091,"href":"https:\/\/www.christineglen.com\/sitefr\/wp-json\/wp\/v2\/pages\/2519\/revisions\/26091"}],"wp:attachment":[{"href":"https:\/\/www.christineglen.com\/sitefr\/wp-json\/wp\/v2\/media?parent=2519"}],"curies":[{"name":"wp","href":"https:\/\/api.w.org\/{rel}","templated":true}]}}