{"id":2530,"date":"2015-06-25T11:30:55","date_gmt":"2015-04-21T09:53:29","guid":{"rendered":"http:\/\/c-glen.com\/?page_id=2530"},"modified":"2017-02-14T14:33:07","modified_gmt":"2017-02-14T13:33:07","slug":"quoi","status":"publish","type":"page","link":"https:\/\/www.christineglen.com\/sitefr\/fr\/quoi\/","title":{"rendered":"QUOI"},"content":{"rendered":"<div id=\"pl-2530\"  class=\"panel-layout\" ><div id=\"pg-2530-0\"  class=\"panel-grid panel-has-style\" ><div class=\"panel-row-style panel-row-style-for-2530-0\" ><div id=\"pgc-2530-0-0\"  class=\"panel-grid-cell panel-grid-cell-empty\" ><\/div><div id=\"pgc-2530-0-1\"  class=\"panel-grid-cell panel-grid-cell-mobile-last\" ><div id=\"panel-2530-0-1-0\" class=\"so-panel widget widget_sow-editor panel-first-child panel-last-child\" data-index=\"0\" ><div class=\"panel-widget-style panel-widget-style-for-2530-0-1-0\" ><div\n\t\t\t\n\t\t\tclass=\"so-widget-sow-editor so-widget-sow-editor-base\"\n\t\t\t\n\t\t>\n<div class=\"siteorigin-widget-tinymce textwidget\">\n\t<h2>L\u2019essentiel est invisible pour les yeux\u2026<\/h2>\n<h5><em>(A.de Saint Exup\u00e9ry)<\/em><\/h5>\n<p>La r\u00e9alit\u00e9 comme point de d\u00e9part.<br \/> R\u00e9alit\u00e9 visuelle, mais pas toujours.<br \/> R\u00e9alit\u00e9 \u00e9motionnelle.<br \/> Une vue, un v\u00e9cu, parfois une simple odeur ou m\u00e9lodie suffisent \u00e0 m\u2019inviter au voyage.<br \/> Derri\u00e8re chaque r\u00e9alit\u00e9, un essentiel imperceptible \u00e0 premier abord.<br \/> Car l\u2019essentiel est invisible pour les yeux.<br \/> C\u2019est cet essentiel que je pars rechercher, guid\u00e9e par les couleurs, les lignes, les mouvements, les lumi\u00e8res, les contrastes, les mati\u00e8res.<br \/> Autres ingr\u00e9dients pour extraire du r\u00e9el quelques fibres, quelques vibrations: intuition, instinct, l\u00e2cher prise, plaisir.<br \/> Mon interpr\u00e9tation des choses : un trait d\u2019union personnel entre un point de d\u00e9part et une premi\u00e8re \u00e9tape puis une seconde\u2026puis une arriv\u00e9e.<br \/> Une arriv\u00e9e, une proposition parfois tumultueuse, imparfaite, surprenante, d\u00e9rangeante, provocante ou provisoire pour mieux repartir.<br \/> Une tentative vers la beaut\u00e9.<br \/> Mon essentiel \u00e0 partager.<br \/> Tout art passe par la ma\u00eetrise de techniques, la connaissance de th\u00e9ories. Lors du processus de cr\u00e9ation, il est \u00e0 mes yeux, tout aussi important de savoir s\u2019en \u00e9loigner afin de saisir l\u2019insaisissable et en offrir une interpr\u00e9tation.<br \/> Aujourd\u2019hui, ma peinture est inspir\u00e9e de formes trouv\u00e9es dans la nature. Je joue ensuite avec les couleurs et la composition. Parfois, un sujet murit inconsciemment pendant des semaines et ne prend vie qu\u2019une fois sur la toile. Il \u00e9volue ensuite encore plus s\u2019il appartient \u00e0 une s\u00e9rie.<\/p>\n<p>Mais la spontan\u00e9it\u00e9 reste importante. D\u2019ailleurs, parfois, il n\u2019y a aucune \u00ab maturation \u00bb. Je peins sur le motif ce que mon \u0153il, mon instinct a retenu d\u2019insolite dans un sujet parfois banal.<br \/> Collections particuli\u00e8res en Grande-Bretagne, Allemagne, Australie et en France suite \u00e0 des expositions ou des commandes.<\/p>\n<\/div>\n<\/div><\/div><\/div><\/div><div id=\"pgc-2530-0-2\"  class=\"panel-grid-cell panel-grid-cell-empty\" ><\/div><\/div><\/div><\/div>","protected":false},"excerpt":{"rendered":"<p>L\u2019essentiel est invisible pour les yeux\u2026(A.de Saint Exup\u00e9ry)La r\u00e9alit\u00e9 comme point de d\u00e9part. R\u00e9alit\u00e9 visuelle, mais pas toujours. R\u00e9alit\u00e9 \u00e9motionnelle. Une vue, un v\u00e9cu, parfois une simple odeur ou m\u00e9lodie suffisent \u00e0 m\u2019inviter au voyage. Derri\u00e8re chaque r\u00e9alit\u00e9, un essentiel imperceptible \u00e0 premier abord. Car l\u2019essentiel est invisible pour les yeux. C\u2019est cet essentiel que [&hellip;]<\/p>\n","protected":false},"author":5,"featured_media":0,"parent":0,"menu_order":0,"comment_status":"closed","ping_status":"closed","template":"","meta":{"_acf_changed":false,"jetpack_post_was_ever_published":false,"footnotes":""},"class_list":["post-2530","page","type-page","status-publish","hentry"],"acf":[],"jetpack_sharing_enabled":true,"jetpack_shortlink":"https:\/\/wp.me\/P8pnLs-EO","jetpack-related-posts":[{"id":2519,"url":"https:\/\/www.christineglen.com\/sitefr\/fr\/qui\/","url_meta":{"origin":2530,"position":0},"title":"QUI","author":"AdministrationCG","date":"25 juin 2015","format":false,"excerpt":"Portrait r\u00e9alis\u00e9 par Codronanti Christine Glen Christine Glen est une artiste peintre professionnelle fran\u00e7aise qui vit et travaille entre Paris et la Champagne, dans une vall\u00e9e appel\u00e9e Vall\u00e9e des Peintres o\u00f9 de nombreux artistes de renom ont s\u00e9journ\u00e9 et travaill\u00e9. Christine Glen appr\u00e9cie particuli\u00e8rement la peinture sur le motif. Son\u2026","rel":"","context":"Article similaire","block_context":{"text":"Article similaire","link":""},"img":{"alt_text":"","src":"https:\/\/i0.wp.com\/c-glen.com\/sitefr\/wp-content\/uploads\/2015\/06\/Portrait-par-Codronanti-253x450.jpg?resize=350%2C200","width":350,"height":200},"classes":[]}],"_links":{"self":[{"href":"https:\/\/www.christineglen.com\/sitefr\/wp-json\/wp\/v2\/pages\/2530","targetHints":{"allow":["GET"]}}],"collection":[{"href":"https:\/\/www.christineglen.com\/sitefr\/wp-json\/wp\/v2\/pages"}],"about":[{"href":"https:\/\/www.christineglen.com\/sitefr\/wp-json\/wp\/v2\/types\/page"}],"author":[{"embeddable":true,"href":"https:\/\/www.christineglen.com\/sitefr\/wp-json\/wp\/v2\/users\/5"}],"replies":[{"embeddable":true,"href":"https:\/\/www.christineglen.com\/sitefr\/wp-json\/wp\/v2\/comments?post=2530"}],"version-history":[{"count":8,"href":"https:\/\/www.christineglen.com\/sitefr\/wp-json\/wp\/v2\/pages\/2530\/revisions"}],"predecessor-version":[{"id":25324,"href":"https:\/\/www.christineglen.com\/sitefr\/wp-json\/wp\/v2\/pages\/2530\/revisions\/25324"}],"wp:attachment":[{"href":"https:\/\/www.christineglen.com\/sitefr\/wp-json\/wp\/v2\/media?parent=2530"}],"curies":[{"name":"wp","href":"https:\/\/api.w.org\/{rel}","templated":true}]}}