{"id":2544,"date":"2015-06-25T11:31:53","date_gmt":"2015-04-21T10:37:28","guid":{"rendered":"http:\/\/c-glen.com\/?page_id=2544"},"modified":"2021-04-10T19:05:39","modified_gmt":"2021-04-10T18:05:39","slug":"critique","status":"publish","type":"page","link":"https:\/\/www.christineglen.com\/sitefr\/fr\/critique\/","title":{"rendered":"CRITIQUE"},"content":{"rendered":"<div id=\"pl-2544\"  class=\"panel-layout\" ><div id=\"pg-2544-0\"  class=\"panel-grid panel-has-style\" ><div class=\"panel-row-style panel-row-style-for-2544-0\" ><div id=\"pgc-2544-0-0\"  class=\"panel-grid-cell panel-grid-cell-empty\" ><\/div><div id=\"pgc-2544-0-1\"  class=\"panel-grid-cell panel-grid-cell-mobile-last\" ><div id=\"panel-2544-0-1-0\" class=\"so-panel widget widget_sow-editor panel-first-child panel-last-child\" data-index=\"0\" ><div\n\t\t\t\n\t\t\tclass=\"so-widget-sow-editor so-widget-sow-editor-base\"\n\t\t\t\n\t\t>\n<div class=\"siteorigin-widget-tinymce textwidget\">\n\t<h2>Christine Glen\u00a0<\/h2>\n<h3>Une \u00e9nergie fondatrice par la couleur<\/h3>\n<p>Christine Glen ne peut pas se contenter d\u2019\u00eatre que le simple objet d\u2019une histoire\u00a0: elle lui dicte sa mani\u00e8re, la plie \u00e0 ses d\u00e9sirs. Sa peinture est l\u2019exact reflet de notre \u00e9poque. En effet, contrairement \u00e0 une id\u00e9e couramment r\u00e9pandue, la peinture n\u2019a jamais transcrit le r\u00e9el, mais seulement la possibilit\u00e9 d\u2019un r\u00e9el. Le peintre travaille en fonction de sa culture, c'est-\u00e0-dire de son \u00e9ducation, de ses apprentissages tant intellectuels que techniques et de sa sensibilit\u00e9. Cette \u00e9motion, privil\u00e9gi\u00e9e au d\u00e9but du XXe si\u00e8cle, a ensuite \u00e9t\u00e9 rejet\u00e9e par une partie de l\u2019abstraction qui lui a pr\u00e9f\u00e9r\u00e9 un intellectualisme tout aussi abstrait. Consensuel, le XXIe si\u00e8cle naissant accepte la multiplicit\u00e9 des langages picturaux.<\/p>\n<p>Christine Glen a commenc\u00e9 \u00e0 peindre \u00e0 l\u2019adolescence. Elle a grandi au milieu d\u2019amateurs d\u2019art abstrait, dans un environnement moderne, un peu comme \u00ab\u00a0Mon Oncle\u00a0\u00bb, le h\u00e9ros de Jacques Tati. Elle a essay\u00e9 de comprendre pourquoi des artistes peignaient ce qui n\u2019avait rien \u00e0 voir avec la r\u00e9alit\u00e9. Apr\u00e8s s\u2019\u00eatre d\u00e9foul\u00e9e dans l\u2019abstrait, elle s\u2019est demand\u00e9e pourquoi elle agissait ainsi. Comprenant qu\u2019elle fuit ce qu\u2019elle ne ma\u00eetrise pas, Christine Glen d\u00e9cide de r\u00e9apprendre les techniques de base. Elle applique stricto sensu ce qu\u2019enseigne la th\u00e9orie. Les limites de cette pratique s\u2019imposent vite \u00e0 elle\u00a0: \u00ab\u00a0Je suis tomb\u00e9e dans un figuratif pur qui ne me ressemblait pas. C\u2019\u00e9tait un d\u00e9fouloir d\u2019harmonies et de disharmonies qui dialoguaient parfois, s\u2019entrechoquaient souvent.\u00a0\u00bb Mais d\u00e9j\u00e0, l\u2019essentiel est en place\u00a0: les formes arrondies, les couleurs fortes, une stylisation marqu\u00e9e\u2026 \u00ab\u00a0La peinture est un combat avec moi-m\u00eame, reconna\u00eet Christine Glen qui n\u2019a pas pour habitude de r\u00e9aliser les choses \u00e0 moiti\u00e9. Je prends des risques, calcul\u00e9s toutefois.\u00a0\u00bb<\/p>\n<p>Qu\u2019il s\u2019agisse de ses peintures puzzles, bords d\u2019eau, lumi\u00e8res d\u2019Irlande et m\u00eame de ses corps et lignes, le travail de Christine Glen est habit\u00e9 par une volont\u00e9 simplificatrice. Il lui faut aller droit au but. Mais comment repr\u00e9senter le monde avec trois couleurs ou moins et aussi peu de lignes ou plans\u00a0? La r\u00e9alit\u00e9 donne la premi\u00e8re impulsion \u00e0 son tableau. Puis elle nourrit son inspiration premi\u00e8re de son imaginaire, de musique et des \u00ab\u00a0choses de sa vie\u00a0\u00bb.<\/p>\n<blockquote>\n<p><em>\u00ab\u00a0Je suis alors dans la retranscription. Par exemple, dans notre monde d\u2019images omnipr\u00e9sentes, on ne voit plus les statues des parcs. Je les fais revivre par la lumi\u00e8re que je pose dessus.\u00a0\u00bb<\/em><\/p>\n<\/blockquote>\n<p>La lumi\u00e8re est crue, angoissante. Une fois appliqu\u00e9es les premi\u00e8res dominantes, Christine Glen appose les compl\u00e9mentaires pour accentuer les contrastes, puis, avoue-t-elle, \u00ab\u00a0Je passe ma journ\u00e9e \u00e0 \u00e9teindre le feu.\u00a0\u00bb Sa mani\u00e8re de provoquer la th\u00e9orie \u00e9tablie, s\u2019accompagne d\u2019une \u00e9nergie fondatrice qui se traduit \/ transcrit sur la toile par la couleur. Elle s\u2019accompagne d\u2019une certaine violence, celle que nous c\u00f4toyons chaque jour dans le travail, les transports, jusque dans nos rapports avec les autres. Il s\u2019agit de l\u2019inqui\u00e9tude d\u2019une vie d\u00e9personnalis\u00e9e en marchandise et \u00e0 laquelle s\u2019oppose, \u00e0 la mani\u00e8re d\u2019un exorcisme, la force de cette peinture. Les peintres sont les \u00e9ponges de leur \u00e9poque. Ils nous renvoient parfois une s\u00e9v\u00e8re r\u00e9alit\u00e9. Sous la peinture de Christine Glen, percent ses aspirations aux choses simples et p\u00e9rennes de la vie, comme une le\u00e7on de philosophie.<\/p>\n<h4><em>Alain Coudert <\/em><\/h4>\n<p><strong>Critique d'art \u00e0 la revue \"Arts Actualit\u00e9s Magazine\" <\/strong><\/p>\n<\/div>\n<\/div><\/div><\/div><div id=\"pgc-2544-0-2\"  class=\"panel-grid-cell panel-grid-cell-empty\" ><\/div><\/div><\/div><\/div>","protected":false},"excerpt":{"rendered":"<p>Christine Glen\u00a0Une \u00e9nergie fondatrice par la couleurChristine Glen ne peut pas se contenter d\u2019\u00eatre que le simple objet d\u2019une histoire\u00a0: elle lui dicte sa mani\u00e8re, la plie \u00e0 ses d\u00e9sirs. Sa peinture est l\u2019exact reflet de notre \u00e9poque. En effet, contrairement \u00e0 une id\u00e9e couramment r\u00e9pandue, la peinture n\u2019a jamais transcrit le r\u00e9el, mais seulement [&hellip;]<\/p>\n","protected":false},"author":5,"featured_media":0,"parent":0,"menu_order":0,"comment_status":"closed","ping_status":"closed","template":"","meta":{"_acf_changed":false,"jetpack_post_was_ever_published":false,"footnotes":""},"class_list":["post-2544","page","type-page","status-publish","hentry"],"acf":[],"jetpack_sharing_enabled":true,"jetpack_shortlink":"https:\/\/wp.me\/P8pnLs-F2","jetpack-related-posts":[{"id":2519,"url":"https:\/\/www.christineglen.com\/sitefr\/fr\/qui\/","url_meta":{"origin":2544,"position":0},"title":"QUI","author":"AdministrationCG","date":"25 juin 2015","format":false,"excerpt":"Portrait r\u00e9alis\u00e9 par Codronanti Christine Glen Christine Glen est une artiste peintre professionnelle fran\u00e7aise qui vit et travaille entre Paris et la Champagne, dans une vall\u00e9e appel\u00e9e Vall\u00e9e des Peintres o\u00f9 de nombreux artistes de renom ont s\u00e9journ\u00e9 et travaill\u00e9. Christine Glen appr\u00e9cie particuli\u00e8rement la peinture sur le motif. Son\u2026","rel":"","context":"Article similaire","block_context":{"text":"Article similaire","link":""},"img":{"alt_text":"","src":"https:\/\/i0.wp.com\/c-glen.com\/sitefr\/wp-content\/uploads\/2015\/06\/Portrait-par-Codronanti-253x450.jpg?resize=350%2C200","width":350,"height":200},"classes":[]}],"_links":{"self":[{"href":"https:\/\/www.christineglen.com\/sitefr\/wp-json\/wp\/v2\/pages\/2544","targetHints":{"allow":["GET"]}}],"collection":[{"href":"https:\/\/www.christineglen.com\/sitefr\/wp-json\/wp\/v2\/pages"}],"about":[{"href":"https:\/\/www.christineglen.com\/sitefr\/wp-json\/wp\/v2\/types\/page"}],"author":[{"embeddable":true,"href":"https:\/\/www.christineglen.com\/sitefr\/wp-json\/wp\/v2\/users\/5"}],"replies":[{"embeddable":true,"href":"https:\/\/www.christineglen.com\/sitefr\/wp-json\/wp\/v2\/comments?post=2544"}],"version-history":[{"count":11,"href":"https:\/\/www.christineglen.com\/sitefr\/wp-json\/wp\/v2\/pages\/2544\/revisions"}],"predecessor-version":[{"id":25940,"href":"https:\/\/www.christineglen.com\/sitefr\/wp-json\/wp\/v2\/pages\/2544\/revisions\/25940"}],"wp:attachment":[{"href":"https:\/\/www.christineglen.com\/sitefr\/wp-json\/wp\/v2\/media?parent=2544"}],"curies":[{"name":"wp","href":"https:\/\/api.w.org\/{rel}","templated":true}]}}