{"id":2549,"date":"2015-06-25T11:34:23","date_gmt":"2015-04-21T10:42:13","guid":{"rendered":"http:\/\/c-glen.com\/?page_id=2549"},"modified":"2017-02-14T23:57:30","modified_gmt":"2017-02-14T22:57:30","slug":"liens","status":"publish","type":"page","link":"https:\/\/www.christineglen.com\/sitefr\/fr\/liens\/","title":{"rendered":"LIENS"},"content":{"rendered":"<div id=\"pl-2549\"  class=\"panel-layout\" ><div id=\"pg-2549-0\"  class=\"panel-grid panel-has-style\" ><div class=\"panel-row-style panel-row-style-for-2549-0\" ><div id=\"pgc-2549-0-0\"  class=\"panel-grid-cell panel-grid-cell-empty\" ><\/div><div id=\"pgc-2549-0-1\"  class=\"panel-grid-cell panel-grid-cell-mobile-last\" ><div id=\"panel-2549-0-1-0\" class=\"so-panel widget widget_sow-editor panel-first-child panel-last-child\" data-index=\"0\" ><div\n\t\t\t\n\t\t\tclass=\"so-widget-sow-editor so-widget-sow-editor-base\"\n\t\t\t\n\t\t>\n<div class=\"siteorigin-widget-tinymce textwidget\">\n\t<h2>Les amis dartissime<\/h2>\n<p>Le blog de cette revue trimestrielle \u00a0consacr\u00e9e aux peintres, sculpteurs, musiciens, gens de th\u00e9\u00e2tre, \u00e0 travers des articles, des portraits, des interviews, des reportages...Le tout sous la plume de journalistes professionnels, d'artistes ou de personnalit\u00e9s du monde de l'Art.<\/p>\n<p>De beaux rendez-vous, de vraies d\u00e9couvertes.<\/p>\n<p><a href=\"http:\/\/www.les-amis-dartissime.com\/\">www.les-amis-dartissime.com<\/a><\/p>\n<h2>Salle le Valentin \u00e0 Coulommiers<\/h2>\n<p><a href=\"http:\/\/www.le-valentin.odexpo.com\">www.le-valentin.odexpo.com<\/a><\/p>\n<h2>Artbook<\/h2>\n<p>un annuaire d'artistes<\/p>\n<p><a href=\"http:\/\/www.artbook.me\">www.artbook.me<\/a>\u00a0\u00a0<\/p>\n<h2>Maison des Arts<\/h2>\n<p>Une superbe adresse pour l'apprentissage de la peinture dans un cadre paradisiaque...<\/p>\n<p><a href=\"http:\/\/www.maisondesarts.com\">www.maisondesarts.com<\/a><\/p>\n<h2>Concours de peinture de\u00a0l'Essonne<\/h2>\n<p>Le site de la f\u00eate de la peinture rapide. S\u00e9rie de concours d'une journ\u00e9e, au vert, dans l'Essonne. Peintures des villes, couleurs des champs, pour tous les niveaux. Bonne ambiance assur\u00e9e !<\/p>\n<p><a href=\"http:\/\/art.artistes.free.fr\">www.art.artistes.free.fr<\/a><\/p>\n<h2>Saatchi Gallery<\/h2>\n<p>La plus grande galerie d'art en ligne du monde !<\/p>\n<p><a href=\"http:\/\/www.saatchi-gallery.co.uk\">www.saatchi-gallery.co.uk<\/a><\/p>\n<h2>Claire-Marie Wagner<\/h2>\n<p>Le site de Claire-Marie Wagner, et ses ambiances m\u00e9diterran\u00e9ennes...<\/p>\n<p><a href=\"http:\/\/www.cmwagner.free.fr\">www.cmwagner.free.fr<\/a><\/p>\n<h2>Catherine Tannet<\/h2>\n<p>Le site de Catherine et ses peintures oniriques...<\/p>\n<p><a href=\"http:\/\/www.catherinetannet.com\">www.catherinetannet.com<\/a><\/p>\n<h2>Fabienne Mary<\/h2>\n<p>Le site de Fabienne, son travail sur le geste, la couleur...<\/p>\n<p><a href=\"http:\/\/www.maryfabienne.org\">www.maryfabienne.org<\/a><\/p>\n<h2>Couilly Pont-aux-Dames<\/h2>\n<p>Le site de mon village au coeur de la Vall\u00e9e du Grand Morin, Seine et Marne.<\/p>\n<p><a href=\"http:\/\/couilly.free.fr\/\">www.couilly.free.fr<\/a><\/p>\n<h2>Restaurant OparAvant<\/h2>\n<p>Restaurant OparAvant, \u00e0 Serris . Cuisine fran\u00e7aise traditionnelle et inventive, dans un cadre magnifique. adresse:6 bis Bd R; Thiboust, 77700 Serris, 0160436013<\/p>\n<p><a href=\"http:\/\/oparavant.free.fr\">http:\/\/oparavant.free.fr<\/a><\/p>\n<\/div>\n<\/div><\/div><\/div><div id=\"pgc-2549-0-2\"  class=\"panel-grid-cell panel-grid-cell-empty\" ><\/div><\/div><\/div><\/div>","protected":false},"excerpt":{"rendered":"<p>Les amis dartissimeLe blog de cette revue trimestrielle \u00a0consacr\u00e9e aux peintres, sculpteurs, musiciens, gens de th\u00e9\u00e2tre, \u00e0 travers des articles, des portraits, des interviews, des reportages&#8230;Le tout sous la plume de journalistes professionnels, d&rsquo;artistes ou de personnalit\u00e9s du monde de l&rsquo;Art.De beaux rendez-vous, de vraies d\u00e9couvertes.www.les-amis-dartissime.comSalle le Valentin \u00e0 Coulommierswww.le-valentin.odexpo.comArtbookun annuaire d&rsquo;artisteswww.artbook.me\u00a0\u00a0Maison des ArtsUne superbe [&hellip;]<\/p>\n","protected":false},"author":5,"featured_media":0,"parent":0,"menu_order":0,"comment_status":"closed","ping_status":"closed","template":"","meta":{"_acf_changed":false,"jetpack_post_was_ever_published":false,"footnotes":""},"class_list":["post-2549","page","type-page","status-publish","hentry"],"acf":[],"jetpack_sharing_enabled":true,"jetpack_shortlink":"https:\/\/wp.me\/P8pnLs-F7","jetpack-related-posts":[{"id":2519,"url":"https:\/\/www.christineglen.com\/sitefr\/fr\/qui\/","url_meta":{"origin":2549,"position":0},"title":"QUI","author":"AdministrationCG","date":"25 juin 2015","format":false,"excerpt":"Portrait r\u00e9alis\u00e9 par Codronanti Christine Glen Christine Glen est une artiste peintre professionnelle fran\u00e7aise qui vit et travaille entre Paris et la Champagne, dans une vall\u00e9e appel\u00e9e Vall\u00e9e des Peintres o\u00f9 de nombreux artistes de renom ont s\u00e9journ\u00e9 et travaill\u00e9. Christine Glen appr\u00e9cie particuli\u00e8rement la peinture sur le motif. Son\u2026","rel":"","context":"Article similaire","block_context":{"text":"Article similaire","link":""},"img":{"alt_text":"","src":"https:\/\/i0.wp.com\/c-glen.com\/sitefr\/wp-content\/uploads\/2015\/06\/Portrait-par-Codronanti-253x450.jpg?resize=350%2C200","width":350,"height":200},"classes":[]}],"_links":{"self":[{"href":"https:\/\/www.christineglen.com\/sitefr\/wp-json\/wp\/v2\/pages\/2549","targetHints":{"allow":["GET"]}}],"collection":[{"href":"https:\/\/www.christineglen.com\/sitefr\/wp-json\/wp\/v2\/pages"}],"about":[{"href":"https:\/\/www.christineglen.com\/sitefr\/wp-json\/wp\/v2\/types\/page"}],"author":[{"embeddable":true,"href":"https:\/\/www.christineglen.com\/sitefr\/wp-json\/wp\/v2\/users\/5"}],"replies":[{"embeddable":true,"href":"https:\/\/www.christineglen.com\/sitefr\/wp-json\/wp\/v2\/comments?post=2549"}],"version-history":[{"count":14,"href":"https:\/\/www.christineglen.com\/sitefr\/wp-json\/wp\/v2\/pages\/2549\/revisions"}],"predecessor-version":[{"id":25389,"href":"https:\/\/www.christineglen.com\/sitefr\/wp-json\/wp\/v2\/pages\/2549\/revisions\/25389"}],"wp:attachment":[{"href":"https:\/\/www.christineglen.com\/sitefr\/wp-json\/wp\/v2\/media?parent=2549"}],"curies":[{"name":"wp","href":"https:\/\/api.w.org\/{rel}","templated":true}]}}