{"id":25532,"date":"2017-02-25T11:06:55","date_gmt":"2017-02-25T10:06:55","guid":{"rendered":"http:\/\/c-glen.com\/sitefr\/?page_id=25532"},"modified":"2023-07-15T07:29:46","modified_gmt":"2023-07-15T06:29:46","slug":"contact-3","status":"publish","type":"page","link":"https:\/\/www.christineglen.com\/sitefr\/zh\/contact-3\/","title":{"rendered":"Contact"},"content":{"rendered":"<div id=\"pl-25532\"  class=\"panel-layout\" ><div id=\"pg-25532-0\"  class=\"panel-grid panel-no-style\" ><div id=\"pgc-25532-0-0\"  class=\"panel-grid-cell panel-grid-cell-empty\" ><\/div><div id=\"pgc-25532-0-1\"  class=\"panel-grid-cell panel-grid-cell-mobile-last\" ><div id=\"panel-25532-0-1-0\" class=\"so-panel widget widget_sow-editor panel-first-child\" data-index=\"0\" ><div\n\t\t\t\n\t\t\tclass=\"so-widget-sow-editor so-widget-sow-editor-base\"\n\t\t\t\n\t\t>\n<div class=\"siteorigin-widget-tinymce textwidget\">\n\t\n<div class=\"wpcf7 no-js\" id=\"wpcf7-f25537-o1\" lang=\"fr-FR\" dir=\"ltr\" data-wpcf7-id=\"25537\">\n<div class=\"screen-reader-response\"><p role=\"status\" aria-live=\"polite\" aria-atomic=\"true\"><\/p> <ul><\/ul><\/div>\n<form action=\"\/sitefr\/wp-json\/wp\/v2\/pages\/25532#wpcf7-f25537-o1\" method=\"post\" class=\"wpcf7-form init\" aria-label=\"Formulaire de contact\" novalidate=\"novalidate\" data-status=\"init\">\n<fieldset class=\"hidden-fields-container\"><input type=\"hidden\" name=\"_wpcf7\" value=\"25537\" \/><input type=\"hidden\" name=\"_wpcf7_version\" value=\"6.1.2\" \/><input type=\"hidden\" name=\"_wpcf7_locale\" value=\"fr_FR\" \/><input type=\"hidden\" name=\"_wpcf7_unit_tag\" value=\"wpcf7-f25537-o1\" \/><input type=\"hidden\" name=\"_wpcf7_container_post\" value=\"0\" \/><input type=\"hidden\" name=\"_wpcf7_posted_data_hash\" value=\"\" \/>\n<\/fieldset>\n<p><label class=label-form> Your last name <span class=label-required>*<\/span><br \/>\n<span class=\"wpcf7-form-control-wrap\" data-name=\"your-lastname\"><input size=\"40\" maxlength=\"400\" class=\"wpcf7-form-control wpcf7-text wpcf7-validates-as-required\" aria-required=\"true\" aria-invalid=\"false\" value=\"\" type=\"text\" name=\"your-lastname\" \/><\/span> <\/label>\n<\/p>\n<p><label class=label-form> Your first name <span class=label-required>*<\/span><br \/>\n<span class=\"wpcf7-form-control-wrap\" data-name=\"your-name\"><input size=\"40\" maxlength=\"400\" class=\"wpcf7-form-control wpcf7-text wpcf7-validates-as-required\" aria-required=\"true\" aria-invalid=\"false\" value=\"\" type=\"text\" name=\"your-name\" \/><\/span> <\/label>\n<\/p>\n<p><label class=label-form> Your e-mail <span class=label-required>*<\/span><br \/>\n<span class=\"wpcf7-form-control-wrap\" data-name=\"your-email\"><input size=\"40\" maxlength=\"400\" class=\"wpcf7-form-control wpcf7-email wpcf7-validates-as-required wpcf7-text wpcf7-validates-as-email\" aria-required=\"true\" aria-invalid=\"false\" value=\"\" type=\"email\" name=\"your-email\" \/><\/span> <\/label>\n<\/p>\n<p><label class=label-form> Subject<br \/>\n<span class=\"wpcf7-form-control-wrap\" data-name=\"your-subject\"><input size=\"40\" maxlength=\"400\" class=\"wpcf7-form-control wpcf7-text\" aria-invalid=\"false\" value=\"\" type=\"text\" name=\"your-subject\" \/><\/span> <\/label>\n<\/p>\n<p><label class=label-form> Phone number<br \/>\n<span class=\"wpcf7-form-control-wrap\" data-name=\"tel-675\"><input size=\"40\" maxlength=\"400\" class=\"wpcf7-form-control wpcf7-tel wpcf7-text wpcf7-validates-as-tel\" aria-invalid=\"false\" value=\"\" type=\"tel\" name=\"tel-675\" \/><\/span> <\/label>\n<\/p>\n<p><label class=label-form> Your message<br \/>\n<span class=\"wpcf7-form-control-wrap\" data-name=\"your-message\"><textarea cols=\"40\" rows=\"10\" maxlength=\"2000\" class=\"wpcf7-form-control wpcf7-textarea\" aria-invalid=\"false\" name=\"your-message\"><\/textarea><\/span> <\/label>\n<\/p>\n<p><span class=\"wpcf7-form-control-wrap\" data-name=\"checkbox-34\"><span class=\"wpcf7-form-control wpcf7-checkbox\"><span class=\"wpcf7-list-item first last\"><input type=\"checkbox\" name=\"checkbox-34[]\" value=\"Je souhaite recevoir la newsletter\" \/><span class=\"wpcf7-list-item-label\">Je souhaite recevoir la newsletter<\/span><\/span><\/span><\/span>\n<\/p>\n<p>The information collected on this form is saved in a file computerized by Christine Glen, 6 R\u00e9sidence des Alois, 77860 Couilly-Pont-aux-Dames, glen@wanadoo.fr, to allow us to contact you again. The legal basis for processing is consent.\n<\/p>\n<p>The data collected will be communicated to the following recipients only: Christine GLen.\n<\/p>\n<p>The data is kept for 1 year.\n<\/p>\n<p>You can access the data concerning you, rectify it, request its deletion or exercise your right to limit the processing of your data. You can withdraw your consent to the processing of your data at any time.\n<\/p>\n<p>Visit the cnil.fr website for more information on your rights.\n<\/p>\n<p>To exercise these rights or for any questions about the processing of your data in this device, you can contact Christine Glen: glen@wanadoo.fr, 6 residence of Alois, 77860 Couilly-Pont-aux-Dames, +33770017436.\n<\/p>\n<p>If you believe, after contacting us, that your \"Data Protection\" rights are not respected, you can file a complaint with the CNIL.\n<\/p>\n<p><div id=\"cf7sr-69f475d8a426e\" class=\"cf7sr-g-recaptcha\" data-theme=\"light\" data-type=\"image\" data-size=\"normal\" data-sitekey=\"6Lcnj9cZAAAAAJ96Jw0BXH0nBS6leaWQJFQvcf-u\"><\/div><span class=\"wpcf7-form-control-wrap cf7sr-recaptcha\" data-name=\"cf7sr-recaptcha\"><input type=\"hidden\" name=\"cf7sr-recaptcha\" value=\"\" class=\"wpcf7-form-control\"><\/span>\n<\/p>\n<p><input class=\"wpcf7-form-control wpcf7-submit has-spinner\" type=\"submit\" value=\"Envoyer\" \/>\n<\/p><p style=\"display: none !important;\" class=\"akismet-fields-container\" data-prefix=\"_wpcf7_ak_\"><label>&#916;<textarea name=\"_wpcf7_ak_hp_textarea\" cols=\"45\" rows=\"8\" maxlength=\"100\"><\/textarea><\/label><input type=\"hidden\" id=\"ak_js_1\" name=\"_wpcf7_ak_js\" value=\"43\"\/><script>document.getElementById( \"ak_js_1\" ).setAttribute( \"value\", ( new Date() ).getTime() );<\/script><\/p><div class=\"wpcf7-response-output\" aria-hidden=\"true\"><\/div>\n<\/form>\n<\/div>\n\n<\/div>\n<\/div><\/div><div id=\"panel-25532-0-1-1\" class=\"so-panel widget widget_text panel-last-child\" data-index=\"1\" ><h3 class=\"widget-title\">Contact details of the consumer ombudsman<\/h3>\t\t\t<div class=\"textwidget\"><p>MCP M\u00e9diation \u2013 M\u00e9diation de la Consommation &amp; Patrimoine \u2013 Entit\u00e9 r\u00e9f\u00e9renc\u00e9e par la CECMC \u2013 12 square Desnouettes 75015 Paris \u2013 T\u00e9l: 01 40 61 03 33 \u2013 www.mcpmediation.org<\/p>\n<\/div>\n\t\t<\/div><\/div><div id=\"pgc-25532-0-2\"  class=\"panel-grid-cell panel-grid-cell-empty\" ><\/div><\/div><\/div>","protected":false},"excerpt":{"rendered":"<p>MCP M\u00e9diation \u2013 M\u00e9diation de la Consommation &amp; Patrimoine \u2013 Entit\u00e9 r\u00e9f\u00e9renc\u00e9e par la CECMC \u2013 12 square Desnouettes 75015 Paris \u2013 T\u00e9l: 01 40 61 03 33 \u2013 www.mcpmediation.org<\/p>\n","protected":false},"author":5,"featured_media":0,"parent":0,"menu_order":0,"comment_status":"closed","ping_status":"closed","template":"","meta":{"_acf_changed":false,"jetpack_post_was_ever_published":false,"footnotes":""},"class_list":["post-25532","page","type-page","status-publish","hentry"],"acf":[],"jetpack_sharing_enabled":true,"jetpack_shortlink":"https:\/\/wp.me\/P8pnLs-6DO","jetpack-related-posts":[],"_links":{"self":[{"href":"https:\/\/www.christineglen.com\/sitefr\/wp-json\/wp\/v2\/pages\/25532","targetHints":{"allow":["GET"]}}],"collection":[{"href":"https:\/\/www.christineglen.com\/sitefr\/wp-json\/wp\/v2\/pages"}],"about":[{"href":"https:\/\/www.christineglen.com\/sitefr\/wp-json\/wp\/v2\/types\/page"}],"author":[{"embeddable":true,"href":"https:\/\/www.christineglen.com\/sitefr\/wp-json\/wp\/v2\/users\/5"}],"replies":[{"embeddable":true,"href":"https:\/\/www.christineglen.com\/sitefr\/wp-json\/wp\/v2\/comments?post=25532"}],"version-history":[{"count":3,"href":"https:\/\/www.christineglen.com\/sitefr\/wp-json\/wp\/v2\/pages\/25532\/revisions"}],"predecessor-version":[{"id":25956,"href":"https:\/\/www.christineglen.com\/sitefr\/wp-json\/wp\/v2\/pages\/25532\/revisions\/25956"}],"wp:attachment":[{"href":"https:\/\/www.christineglen.com\/sitefr\/wp-json\/wp\/v2\/media?parent=25532"}],"curies":[{"name":"wp","href":"https:\/\/api.w.org\/{rel}","templated":true}]}}