{"id":2572,"date":"2015-06-25T11:41:13","date_gmt":"2015-04-21T13:58:05","guid":{"rendered":"http:\/\/c-glen.com\/?page_id=2572"},"modified":"2023-07-15T07:27:15","modified_gmt":"2023-07-15T06:27:15","slug":"contact","status":"publish","type":"page","link":"https:\/\/www.christineglen.com\/sitefr\/fr\/contact\/","title":{"rendered":"Contact"},"content":{"rendered":"<div id=\"pl-2572\"  class=\"panel-layout\" ><div id=\"pg-2572-0\"  class=\"panel-grid panel-no-style\" ><div id=\"pgc-2572-0-0\"  class=\"panel-grid-cell panel-grid-cell-empty\" ><\/div><div id=\"pgc-2572-0-1\"  class=\"panel-grid-cell panel-grid-cell-mobile-last\" ><div id=\"panel-2572-0-1-0\" class=\"so-panel widget widget_sow-editor panel-first-child\" data-index=\"0\" ><div\n\t\t\t\n\t\t\tclass=\"so-widget-sow-editor so-widget-sow-editor-base\"\n\t\t\t\n\t\t>\n<div class=\"siteorigin-widget-tinymce textwidget\">\n\t\n<div class=\"wpcf7 no-js\" id=\"wpcf7-f25369-o1\" lang=\"fr-FR\" dir=\"ltr\" data-wpcf7-id=\"25369\">\n<div class=\"screen-reader-response\"><p role=\"status\" aria-live=\"polite\" aria-atomic=\"true\"><\/p> <ul><\/ul><\/div>\n<form action=\"\/sitefr\/wp-json\/wp\/v2\/pages\/2572#wpcf7-f25369-o1\" method=\"post\" class=\"wpcf7-form init\" aria-label=\"Formulaire de contact\" novalidate=\"novalidate\" data-status=\"init\">\n<fieldset class=\"hidden-fields-container\"><input type=\"hidden\" name=\"_wpcf7\" value=\"25369\" \/><input type=\"hidden\" name=\"_wpcf7_version\" value=\"6.1.2\" \/><input type=\"hidden\" name=\"_wpcf7_locale\" value=\"fr_FR\" \/><input type=\"hidden\" name=\"_wpcf7_unit_tag\" value=\"wpcf7-f25369-o1\" \/><input type=\"hidden\" name=\"_wpcf7_container_post\" value=\"0\" \/><input type=\"hidden\" name=\"_wpcf7_posted_data_hash\" value=\"\" \/>\n<\/fieldset>\n<p><label class=label-form> Votre nom <span class=label-required>*<\/span><br \/>\n<span class=\"wpcf7-form-control-wrap\" data-name=\"your-lastname\"><input size=\"40\" maxlength=\"400\" class=\"wpcf7-form-control wpcf7-text wpcf7-validates-as-required\" aria-required=\"true\" aria-invalid=\"false\" value=\"\" type=\"text\" name=\"your-lastname\" \/><\/span> <\/label>\n<\/p>\n<p><label class=label-form> Votre pr\u00e9nom <span class=label-required>*<\/span><br \/>\n<span class=\"wpcf7-form-control-wrap\" data-name=\"your-name\"><input size=\"40\" maxlength=\"400\" class=\"wpcf7-form-control wpcf7-text wpcf7-validates-as-required\" aria-required=\"true\" aria-invalid=\"false\" value=\"\" type=\"text\" name=\"your-name\" \/><\/span> <\/label>\n<\/p>\n<p><label class=label-form> Votre e-mail <span class=label-required>*<\/span><br \/>\n<span class=\"wpcf7-form-control-wrap\" data-name=\"your-email\"><input size=\"40\" maxlength=\"400\" class=\"wpcf7-form-control wpcf7-email wpcf7-validates-as-required wpcf7-text wpcf7-validates-as-email\" aria-required=\"true\" aria-invalid=\"false\" value=\"\" type=\"email\" name=\"your-email\" \/><\/span> <\/label>\n<\/p>\n<p><label class=label-form> Sujet<br \/>\n<span class=\"wpcf7-form-control-wrap\" data-name=\"your-subject\"><input size=\"40\" maxlength=\"400\" class=\"wpcf7-form-control wpcf7-text\" aria-invalid=\"false\" value=\"\" type=\"text\" name=\"your-subject\" \/><\/span> <\/label>\n<\/p>\n<p><label class=label-form> Num\u00e9ro de t\u00e9l\u00e9phone<br \/>\n<span class=\"wpcf7-form-control-wrap\" data-name=\"tel-675\"><input size=\"40\" maxlength=\"400\" class=\"wpcf7-form-control wpcf7-tel wpcf7-text wpcf7-validates-as-tel\" aria-invalid=\"false\" value=\"\" type=\"tel\" name=\"tel-675\" \/><\/span> <\/label>\n<\/p>\n<p><label class=label-form> Votre message<br \/>\n<span class=\"wpcf7-form-control-wrap\" data-name=\"your-message\"><textarea cols=\"40\" rows=\"10\" maxlength=\"2000\" class=\"wpcf7-form-control wpcf7-textarea\" aria-invalid=\"false\" name=\"your-message\"><\/textarea><\/span> <\/label>\n<\/p>\n<p><span class=\"wpcf7-form-control-wrap\" data-name=\"checkbox-34\"><span class=\"wpcf7-form-control wpcf7-checkbox\"><span class=\"wpcf7-list-item first last\"><input type=\"checkbox\" name=\"checkbox-34[]\" value=\"Je souhaite recevoir la newsletter\" \/><span class=\"wpcf7-list-item-label\">Je souhaite recevoir la newsletter<\/span><\/span><\/span><\/span>\n<\/p>\n<p>Les informations recueillies sur ce formulaire sont enregistr\u00e9es dans un fichier informatis\u00e9 par Christine Glen, 6 r\u00e9sidence des Alois, 77860 Couilly-Pont-aux-Dames, glen@wanadoo.fr, pour permettre de vous recontacter. La base l\u00e9gale du traitement est le consentement.\n<\/p>\n<p>Les donn\u00e9es collect\u00e9es seront communiqu\u00e9es aux seuls destinataires suivants : Christine GLen.\n<\/p>\n<p>Les donn\u00e9es sont conserv\u00e9es pendant 1 an.\n<\/p>\n<p>Vous pouvez acc\u00e9der aux donn\u00e9es vous concernant, les rectifier, demander leur effacement ou exercer votre droit \u00e0 la limitation du traitement de vos donn\u00e9es. Vous pouvez retirer \u00e0 tout moment votre consentement au traitement de vos donn\u00e9es.\n<\/p>\n<p>Consultez le site cnil.fr pour plus d\u2019informations sur vos droits.\n<\/p>\n<p>Pour exercer ces droits ou pour toute question sur le traitement de vos donn\u00e9es dans ce dispositif, vous pouvez contacter Christine Glen : glen@wanadoo.fr, 6 r\u00e9sidence des Alois, 77860 Couilly-Pont-aux-Dames, +33770017436.\n<\/p>\n<p>Si vous estimez, apr\u00e8s nous avoir contact\u00e9s, que vos droits \u00ab Informatique et Libert\u00e9s \u00bb ne sont pas respect\u00e9s, vous pouvez adresser une r\u00e9clamation \u00e0 la CNIL.\n<\/p>\n<p><div id=\"cf7sr-69f475d543038\" class=\"cf7sr-g-recaptcha\" data-theme=\"light\" data-type=\"image\" data-size=\"normal\" data-sitekey=\"6Lcnj9cZAAAAAJ96Jw0BXH0nBS6leaWQJFQvcf-u\"><\/div><span class=\"wpcf7-form-control-wrap cf7sr-recaptcha\" data-name=\"cf7sr-recaptcha\"><input type=\"hidden\" name=\"cf7sr-recaptcha\" value=\"\" class=\"wpcf7-form-control\"><\/span>\n<\/p>\n<p><input class=\"wpcf7-form-control wpcf7-submit has-spinner\" type=\"submit\" value=\"Envoyer\" \/>\n<\/p><p style=\"display: none !important;\" class=\"akismet-fields-container\" data-prefix=\"_wpcf7_ak_\"><label>&#916;<textarea name=\"_wpcf7_ak_hp_textarea\" cols=\"45\" rows=\"8\" maxlength=\"100\"><\/textarea><\/label><input type=\"hidden\" id=\"ak_js_1\" name=\"_wpcf7_ak_js\" value=\"54\"\/><script>document.getElementById( \"ak_js_1\" ).setAttribute( \"value\", ( new Date() ).getTime() );<\/script><\/p><div class=\"wpcf7-response-output\" aria-hidden=\"true\"><\/div>\n<\/form>\n<\/div>\n\n<\/div>\n<\/div><\/div><div id=\"panel-2572-0-1-1\" class=\"so-panel widget widget_text panel-last-child\" data-index=\"1\" ><h3 class=\"widget-title\">Coordonn\u00e9es du m\u00e9diateur de la consommation<\/h3>\t\t\t<div class=\"textwidget\"><p>MCP M\u00e9diation &#8211; M\u00e9diation de la Consommation &amp; Patrimoine &#8211; Entit\u00e9 r\u00e9f\u00e9renc\u00e9e par la CECMC &#8211; 12 square Desnouettes 75015 Paris &#8211; T\u00e9l: 01 40 61 03 33 &#8211; www.mcpmediation.org<\/p>\n<\/div>\n\t\t<\/div><\/div><div id=\"pgc-2572-0-2\"  class=\"panel-grid-cell panel-grid-cell-empty\" ><\/div><\/div><\/div>","protected":false},"excerpt":{"rendered":"<p>MCP M\u00e9diation &#8211; M\u00e9diation de la Consommation &amp; Patrimoine &#8211; Entit\u00e9 r\u00e9f\u00e9renc\u00e9e par la CECMC &#8211; 12 square Desnouettes 75015 Paris &#8211; T\u00e9l: 01 40 61 03 33 &#8211; www.mcpmediation.org<\/p>\n","protected":false},"author":5,"featured_media":0,"parent":0,"menu_order":0,"comment_status":"closed","ping_status":"closed","template":"","meta":{"_acf_changed":false,"jetpack_post_was_ever_published":false,"footnotes":""},"class_list":["post-2572","page","type-page","status-publish","hentry"],"acf":[],"jetpack_sharing_enabled":true,"jetpack_shortlink":"https:\/\/wp.me\/P8pnLs-Fu","jetpack-related-posts":[],"_links":{"self":[{"href":"https:\/\/www.christineglen.com\/sitefr\/wp-json\/wp\/v2\/pages\/2572","targetHints":{"allow":["GET"]}}],"collection":[{"href":"https:\/\/www.christineglen.com\/sitefr\/wp-json\/wp\/v2\/pages"}],"about":[{"href":"https:\/\/www.christineglen.com\/sitefr\/wp-json\/wp\/v2\/types\/page"}],"author":[{"embeddable":true,"href":"https:\/\/www.christineglen.com\/sitefr\/wp-json\/wp\/v2\/users\/5"}],"replies":[{"embeddable":true,"href":"https:\/\/www.christineglen.com\/sitefr\/wp-json\/wp\/v2\/comments?post=2572"}],"version-history":[{"count":9,"href":"https:\/\/www.christineglen.com\/sitefr\/wp-json\/wp\/v2\/pages\/2572\/revisions"}],"predecessor-version":[{"id":25954,"href":"https:\/\/www.christineglen.com\/sitefr\/wp-json\/wp\/v2\/pages\/2572\/revisions\/25954"}],"wp:attachment":[{"href":"https:\/\/www.christineglen.com\/sitefr\/wp-json\/wp\/v2\/media?parent=2572"}],"curies":[{"name":"wp","href":"https:\/\/api.w.org\/{rel}","templated":true}]}}